{"id":12,"date":"2024-05-29T09:36:49","date_gmt":"2024-05-29T09:36:49","guid":{"rendered":"https:\/\/xn--amlpitjcy-h4a.fr\/?page_id=12"},"modified":"2024-06-17T13:42:04","modified_gmt":"2024-06-17T13:42:04","slug":"maintenance-des-sites-internets","status":"publish","type":"page","link":"https:\/\/xn--amlpitjcy-h4a.fr\/index.php\/maintenance-des-sites-internets\/","title":{"rendered":"Maintenance des sites internets"},"content":{"rendered":"\n<div class=\"wp-block-columns alignwide are-vertically-aligned-center is-layout-flex wp-container-core-columns-is-layout-47c06fe3 wp-block-columns-is-layout-flex\">\n<div class=\"wp-block-column is-vertically-aligned-center is-layout-flow wp-block-column-is-layout-flow\" style=\"flex-basis:50%\">\n<h2 class=\"wp-block-heading\">Importance de la maintenance d\u2019un site internet pour les entreprises<\/h2>\n\n\n\n<p><strong>La maintenance d\u2019un site internet<\/strong> est cruciale pour <strong>les entreprises<\/strong> qui souhaitent rester comp\u00e9titives dans un monde num\u00e9rique en constante \u00e9volution. Avec un march\u00e9 en ligne de plus en plus concurrentiel, il est essentiel de garder son <strong>site web<\/strong> \u00e0 jour et de veiller \u00e0 sa <strong>maintenance technique<\/strong>.&nbsp;<\/p>\n\n\n\n<div class=\"wp-block-buttons is-layout-flex wp-block-buttons-is-layout-flex\">\n<div class=\"wp-block-button\"><a class=\"wp-block-button__link wp-element-button\" href=\"https:\/\/xn--amlpitjcy-h4a.fr\/index.php\/contact\/\">Contact<\/a><\/div>\n\n\n\n<div class=\"wp-block-button is-style-outline is-style-outline--1\"><a class=\"wp-block-button__link wp-element-button\">En savoir plus<\/a><\/div>\n<\/div>\n<\/div>\n\n\n\n<div class=\"wp-block-column is-vertically-aligned-center is-layout-flow wp-block-column-is-layout-flow\" style=\"flex-basis:50%\">\n<figure class=\"wp-block-image size-full is-style-rounded is-style-rounded--2\"><img loading=\"lazy\" decoding=\"async\" width=\"640\" height=\"427\" src=\"https:\/\/xn--amlpitjcy-h4a.fr\/wp-content\/uploads\/2024\/05\/pexels-joshsorenson-1714208-2.webp\" alt=\"\" class=\"wp-image-69\" style=\"aspect-ratio:4\/3;object-fit:cover\" srcset=\"https:\/\/xn--amlpitjcy-h4a.fr\/wp-content\/uploads\/2024\/05\/pexels-joshsorenson-1714208-2.webp 640w, https:\/\/xn--amlpitjcy-h4a.fr\/wp-content\/uploads\/2024\/05\/pexels-joshsorenson-1714208-2-300x200.webp 300w\" sizes=\"auto, (max-width: 640px) 100vw, 640px\" \/><\/figure>\n<\/div>\n<\/div>\n\n\n\n<div class=\"wp-block-columns alignfull is-layout-flex wp-container-core-columns-is-layout-28f84493 wp-block-columns-is-layout-flex\">\n<div class=\"wp-block-column is-layout-flow wp-block-column-is-layout-flow\" style=\"flex-basis:50%\">\n<div class=\"wp-block-cover is-light\" style=\"min-height:600px;aspect-ratio:unset;\"><span aria-hidden=\"true\" class=\"wp-block-cover__background has-background-dim-100 has-background-dim\" style=\"background-color:#f6f6f6\"><\/span><div class=\"wp-block-cover__inner-container is-layout-flow wp-block-cover-is-layout-flow\">\n<figure class=\"wp-block-image aligncenter size-medium\"><img loading=\"lazy\" decoding=\"async\" width=\"300\" height=\"200\" src=\"https:\/\/xn--amlpitjcy-h4a.fr\/wp-content\/uploads\/2024\/05\/pexels-cody-berg-463684-3-300x200.webp\" alt=\"\" class=\"wp-image-74\" srcset=\"https:\/\/xn--amlpitjcy-h4a.fr\/wp-content\/uploads\/2024\/05\/pexels-cody-berg-463684-3-300x200.webp 300w, https:\/\/xn--amlpitjcy-h4a.fr\/wp-content\/uploads\/2024\/05\/pexels-cody-berg-463684-3-1024x683.webp 1024w, https:\/\/xn--amlpitjcy-h4a.fr\/wp-content\/uploads\/2024\/05\/pexels-cody-berg-463684-3-768x512.webp 768w, https:\/\/xn--amlpitjcy-h4a.fr\/wp-content\/uploads\/2024\/05\/pexels-cody-berg-463684-3-1536x1024.webp 1536w, https:\/\/xn--amlpitjcy-h4a.fr\/wp-content\/uploads\/2024\/05\/pexels-cody-berg-463684-3.webp 1920w\" sizes=\"auto, (max-width: 300px) 100vw, 300px\" \/><\/figure>\n<\/div><\/div>\n<\/div>\n\n\n\n<div class=\"wp-block-column is-vertically-aligned-center is-layout-flow wp-block-column-is-layout-flow\" style=\"padding-top:1em;padding-right:1em;padding-bottom:1em;padding-left:1em\">\n<div class=\"wp-block-columns is-layout-flex wp-container-core-columns-is-layout-28f84493 wp-block-columns-is-layout-flex\">\n<div class=\"wp-block-column is-layout-flow wp-block-column-is-layout-flow\" style=\"flex-basis:320px\">\n<p class=\"has-small-font-size\" style=\"line-height:1.6\">Les <strong>mises \u00e0 jour<\/strong> r\u00e9guli\u00e8res de votre page web sont essentielles pour garantir la <strong>s\u00e9curit\u00e9 du site<\/strong>, am\u00e9liorer les <strong>performances de votre site<\/strong> et assurer que toutes les <strong>fonctionnalit\u00e9s<\/strong> sont op\u00e9rationnelles. La <strong>maintenance d\u2019un site web<\/strong> ne se limite pas \u00e0 la correction des bogues et des erreurs, mais comprend \u00e9galement la <strong>maintenance pr\u00e9ventive<\/strong> pour anticiper les probl\u00e8mes potentiels.<\/p>\n\n\n\n<p class=\"has-small-font-size\" style=\"line-height:1.6\">En outre, la <strong>maintenance de site web<\/strong> peut \u00e9galement jouer un r\u00f4le crucial dans le r\u00e9f\u00e9rencement de votre site sur <strong>les moteurs de recherche<\/strong>. Un <strong>site web<\/strong> bien entretenu et mis \u00e0 jour r\u00e9guli\u00e8rement est plus attrayant pour les <strong>utilisateurs<\/strong> et peut am\u00e9liorer votre positionnement dans les r\u00e9sultats de recherche. Il est donc essentiel d\u2019avoir un <strong>service de maintenance<\/strong> fiable et efficace pour garantir la visibilit\u00e9 de votre <strong>site en ligne<\/strong>.<\/p>\n<\/div>\n<\/div>\n<\/div>\n<\/div>\n\n\n\n<div class=\"wp-block-cover alignfull is-light\" style=\"min-height:100vh;aspect-ratio:unset;\"><span aria-hidden=\"true\" class=\"wp-block-cover__background has-background-dim-100 has-background-dim\" style=\"background-color:#ffffff\"><\/span><div class=\"wp-block-cover__inner-container is-layout-flow wp-block-cover-is-layout-flow\">\n<div class=\"wp-block-media-text alignwide is-stacked-on-mobile is-vertically-aligned-center is-image-fill\" style=\"grid-template-columns:56% auto\"><figure class=\"wp-block-media-text__media\" style=\"background-image:url(https:\/\/xn--amlpitjcy-h4a.fr\/wp-content\/uploads\/2024\/05\/pexels-athena-2582937.webp);background-position:50% 50%\"><img loading=\"lazy\" decoding=\"async\" width=\"640\" height=\"960\" src=\"https:\/\/xn--amlpitjcy-h4a.fr\/wp-content\/uploads\/2024\/05\/pexels-athena-2582937.webp\" alt=\"\" class=\"wp-image-73 size-full\" srcset=\"https:\/\/xn--amlpitjcy-h4a.fr\/wp-content\/uploads\/2024\/05\/pexels-athena-2582937.webp 640w, https:\/\/xn--amlpitjcy-h4a.fr\/wp-content\/uploads\/2024\/05\/pexels-athena-2582937-200x300.webp 200w\" sizes=\"auto, (max-width: 640px) 100vw, 640px\" \/><\/figure><div class=\"wp-block-media-text__content\">\n<h2 class=\"wp-block-heading has-text-color\" style=\"color:#000000;font-size:clamp(20px, 1.25rem + ((1vw - 3.2px) * 1.25), 32px);\"><strong>Maintenances des sites internets <\/strong><\/h2>\n\n\n\n<p class=\"has-text-color\" style=\"color:#000000;font-size:clamp(14px, 0.875rem + ((1vw - 3.2px) * 0.313), 17px);\">Enfin, le bon fonctionnement de votre site<strong>\u00a0internet<\/strong> peut \u00e9galement contribuer \u00e0 <strong>r\u00e9duire les co\u00fbts de maintenance<\/strong> \u00e0 long terme en pr\u00e9venant les probl\u00e8mes majeurs qui pourraient survenir. En investissant dans un <strong>contrat de maintenance<\/strong> avec une <strong><a href=\"https:\/\/xn--amlpitjcy-h4a.fr\/\">agence web<\/a><\/strong> professionnelle, vous pouvez vous assurer que votre <strong>site web<\/strong> reste op\u00e9rationnel et \u00e0 jour, tout en \u00e9vitant les co\u00fbts \u00e9lev\u00e9s de r\u00e9paration en cas de panne. En d\u00e9finitive, la <strong>maintenance des pages web <\/strong>est un investissement essentiel pour toute entreprise qui souhaite rester comp\u00e9titive sur le march\u00e9 en ligne.<\/p>\n<\/div><\/div>\n<\/div><\/div>\n\n\n\n<div class=\"wp-block-group alignfull has-global-padding is-layout-constrained wp-container-core-group-is-layout-d89aad35 wp-block-group-is-layout-constrained\" style=\"margin-top:0;margin-bottom:0;padding-top:var(--wp--preset--spacing--50);padding-right:var(--wp--preset--spacing--50);padding-bottom:var(--wp--preset--spacing--50);padding-left:var(--wp--preset--spacing--50)\">\n<div class=\"wp-block-columns alignwide are-vertically-aligned-center is-layout-flex wp-container-core-columns-is-layout-47c06fe3 wp-block-columns-is-layout-flex\">\n<div class=\"wp-block-column is-vertically-aligned-center is-layout-flow wp-block-column-is-layout-flow\" style=\"flex-basis:50%\">\n<h2 class=\"wp-block-heading\">Pourquoi confier la maintenance de vos pages web \u00e0 des professionnels\u2009?<\/h2>\n\n\n\n<p>La maintenance d\u2019un site web est un aspect crucial pour assurer la bonne performance de votre site. En confiant la maintenance du site \u00e0 des professionnels, vous b\u00e9n\u00e9ficierez d\u2019une expertise technique pour les mises \u00e0 jour, la s\u00e9curit\u00e9 du site, la correction des bugs et l\u2019am\u00e9lioration des fonctionnalit\u00e9s. Les moteurs de recherche accordent \u00e9galement de l\u2019importance \u00e0 la bonne gestion r\u00e9guli\u00e8re&nbsp;d\u2019un site web pour son classement. Il est donc essentiel de choisir le bon type de maintenance pour votre entreprise.<\/p>\n\n\n\n<p>En outre, le fonctionnement d\u2019un site web\u00a0web peut \u00eatre complexe et n\u00e9cessiter des connaissances techniques sp\u00e9cifiques en <a href=\"https:\/\/a2cbparissud.fr\/communication-professionnel\/\">h\u00e9bergement web<\/a> et d\u00e9veloppement web. Une agence web sp\u00e9cialis\u00e9e sera en mesure d\u2019assurer la maintenance pr\u00e9ventive et corrective de votre site web afin d\u2019optimiser les qualit\u00e9s de votre site en ligne.<\/p>\n\n\n\n<div class=\"wp-block-buttons is-layout-flex wp-block-buttons-is-layout-flex\">\n<div class=\"wp-block-button\"><a class=\"wp-block-button__link wp-element-button\" href=\"https:\/\/xn--amlpitjcy-h4a.fr\/index.php\/contact\/\">Ma maintenance<\/a><\/div>\n<\/div>\n<\/div>\n\n\n\n<div class=\"wp-block-column is-vertically-aligned-center is-layout-flow wp-block-column-is-layout-flow\" style=\"flex-basis:50%\"><\/div>\n<\/div>\n<\/div>\n\n\n\n<h2 class=\"wp-block-heading\" style=\"font-size:clamp(23.043px, 1.44rem + ((1vw - 3.2px) * 1.558), 38px);px;line-height:1.4\"><strong><strong>Qu\u2019est-ce que la maintenance d\u2019un<\/strong> site web<\/strong><\/h2>\n\n\n\n<div class=\"wp-block-group alignfull has-background is-layout-flow wp-block-group-is-layout-flow\" style=\"background-color:#f2f0e9\">\n<div style=\"height:70px\" aria-hidden=\"true\" class=\"wp-block-spacer\"><\/div>\n\n\n\n<div class=\"wp-block-columns alignwide are-vertically-aligned-center is-layout-flex wp-container-core-columns-is-layout-28f84493 wp-block-columns-is-layout-flex\">\n<div class=\"wp-block-column is-layout-flow wp-block-column-is-layout-flow\" style=\"flex-basis:50%\">\n<p class=\"has-text-color\" style=\"color:#000000;font-size:clamp(18.959px, 1.185rem + ((1vw - 3.2px) * 1.15), 30px);line-height:1.1\"><strong>Et pourquoi <strong>la maintenance<\/strong> est-elle si importante pour <strong>avoir un site<\/strong> web performant\u2009?<\/strong><\/p>\n<\/div>\n\n\n\n<div class=\"wp-block-column is-layout-flow wp-block-column-is-layout-flow\" style=\"flex-basis:50%\">\n<hr class=\"wp-block-separator has-text-color has-css-opacity has-background is-style-wide\" style=\"background-color:#000000;color:#000000\"\/>\n<\/div>\n<\/div>\n\n\n\n<div class=\"wp-block-columns alignwide is-layout-flex wp-container-core-columns-is-layout-28f84493 wp-block-columns-is-layout-flex\">\n<div class=\"wp-block-column is-layout-flow wp-block-column-is-layout-flow\"><\/div>\n\n\n\n<div class=\"wp-block-column is-layout-flow wp-block-column-is-layout-flow\">\n<p class=\"has-text-color has-extra-small-font-size\" style=\"color:#000000\">La <strong>gestion d\u2019un site web<\/strong> ne se limite pas \u00e0 simplement <strong>cr\u00e9er un site web<\/strong> avec un bon contenu. Il est essentiel de comprendre <strong>qu\u2019est-ce que le fonctionnement de votre site web<\/strong> implique et pourquoi maintenir les performances de votre<strong>&nbsp;site web<\/strong> est crucial pour <strong>garder votre site<\/strong> en bonne sant\u00e9.<\/p>\n<\/div>\n\n\n\n<div class=\"wp-block-column is-layout-flow wp-block-column-is-layout-flow\">\n<p class=\"has-text-color has-extra-small-font-size\" style=\"color:#000000\">Les maintenances des sites internets peuvent inclure plusieurs aspects tels que la correction des bugs, la mise \u00e0 jour du contenu de votre site et l\u2019optimisation de la <strong>technique du site<\/strong> pour am\u00e9liorer les <strong>performances du site<\/strong>. La <strong>maintenance des sites internet<\/strong> peut \u00eatre divis\u00e9e en deux cat\u00e9gories principales\u00a0: la <strong>maintenance corrective<\/strong> pour r\u00e9soudre les probl\u00e8mes existants et la <strong>maintenance pr\u00e9ventive<\/strong> pour \u00e9viter les probl\u00e8mes futurs.<\/p>\n<\/div>\n<\/div>\n\n\n\n<div style=\"height:40px\" aria-hidden=\"true\" class=\"wp-block-spacer\"><\/div>\n<\/div>\n\n\n\n<div class=\"wp-block-columns is-layout-flex wp-container-core-columns-is-layout-28f84493 wp-block-columns-is-layout-flex\">\n<div class=\"wp-block-column is-layout-flow wp-block-column-is-layout-flow\">\n<p style=\"font-size:clamp(14px, 0.875rem + ((1vw - 3.2px) * 0.417), 18px);px\">IIl est crucial de tenir compte du co\u00fbt de la maintenance d\u2019un site web lors de sa cr\u00e9ation. La maintenance n\u2019est pas simplement une d\u00e9pense, mais un investissement pour garantir la durabilit\u00e9 et la pertinence de votre site \u00e0 long terme.<\/p>\n<\/div>\n<\/div>\n","protected":false},"excerpt":{"rendered":"<p>Importance de la maintenance d\u2019un site internet pour les entreprises La maintenance d\u2019un site internet est cruciale pour les entreprises qui souhaitent rester comp\u00e9titives dans un monde num\u00e9rique en constante \u00e9volution. Avec un march\u00e9 en ligne de plus en plus concurrentiel, il est essentiel de garder son site web \u00e0 jour et de veiller \u00e0 [&hellip;]<\/p>\n","protected":false},"author":1,"featured_media":0,"parent":0,"menu_order":0,"comment_status":"closed","ping_status":"closed","template":"","meta":{"footnotes":""},"class_list":["post-12","page","type-page","status-publish","hentry"],"yoast_head":"<!-- This site is optimized with the Yoast SEO plugin v27.4 - https:\/\/yoast.com\/product\/yoast-seo-wordpress\/ -->\n<title>Maintenance des sites internets - Amlpitj\u00e9cy<\/title>\n<meta name=\"description\" content=\"D\u00e9couvrez l&#039;importance de la maintenance des sites internets pour garantir la s\u00e9curit\u00e9 et le bon fonctionnement de votre marque en ligne.\" \/>\n<meta name=\"robots\" content=\"index, follow, max-snippet:-1, max-image-preview:large, max-video-preview:-1\" \/>\n<link rel=\"canonical\" href=\"https:\/\/xn--amlpitjcy-h4a.fr\/index.php\/maintenance-des-sites-internets\/\" \/>\n<meta property=\"og:locale\" content=\"fr_FR\" \/>\n<meta property=\"og:type\" content=\"article\" \/>\n<meta property=\"og:title\" content=\"Maintenance des sites internets - Amlpitj\u00e9cy\" \/>\n<meta property=\"og:description\" content=\"D\u00e9couvrez l&#039;importance de la maintenance des sites internets pour garantir la s\u00e9curit\u00e9 et le bon fonctionnement de votre marque en ligne.\" \/>\n<meta property=\"og:url\" content=\"https:\/\/xn--amlpitjcy-h4a.fr\/index.php\/maintenance-des-sites-internets\/\" \/>\n<meta property=\"og:site_name\" content=\"Amlpitj\u00e9cy\" \/>\n<meta property=\"article:modified_time\" content=\"2024-06-17T13:42:04+00:00\" \/>\n<meta property=\"og:image\" content=\"https:\/\/xn--amlpitjcy-h4a.fr\/wp-content\/uploads\/2024\/05\/pexels-joshsorenson-1714208-2.webp\" \/>\n<meta name=\"twitter:card\" content=\"summary_large_image\" \/>\n<meta name=\"twitter:label1\" content=\"Dur\u00e9e de lecture estim\u00e9e\" \/>\n\t<meta name=\"twitter:data1\" content=\"4 minutes\" \/>\n<script type=\"application\/ld+json\" class=\"yoast-schema-graph\">{\"@context\":\"https:\\\/\\\/schema.org\",\"@graph\":[{\"@type\":\"WebPage\",\"@id\":\"https:\\\/\\\/xn--amlpitjcy-h4a.fr\\\/index.php\\\/maintenance-des-sites-internets\\\/\",\"url\":\"https:\\\/\\\/xn--amlpitjcy-h4a.fr\\\/index.php\\\/maintenance-des-sites-internets\\\/\",\"name\":\"Maintenance des sites internets - Amlpitj\u00e9cy\",\"isPartOf\":{\"@id\":\"https:\\\/\\\/xn--amlpitjcy-h4a.fr\\\/#website\"},\"primaryImageOfPage\":{\"@id\":\"https:\\\/\\\/xn--amlpitjcy-h4a.fr\\\/index.php\\\/maintenance-des-sites-internets\\\/#primaryimage\"},\"image\":{\"@id\":\"https:\\\/\\\/xn--amlpitjcy-h4a.fr\\\/index.php\\\/maintenance-des-sites-internets\\\/#primaryimage\"},\"thumbnailUrl\":\"https:\\\/\\\/xn--amlpitjcy-h4a.fr\\\/wp-content\\\/uploads\\\/2024\\\/05\\\/pexels-joshsorenson-1714208-2.webp\",\"datePublished\":\"2024-05-29T09:36:49+00:00\",\"dateModified\":\"2024-06-17T13:42:04+00:00\",\"description\":\"D\u00e9couvrez l'importance de la maintenance des sites internets pour garantir la s\u00e9curit\u00e9 et le bon fonctionnement de votre marque en ligne.\",\"breadcrumb\":{\"@id\":\"https:\\\/\\\/xn--amlpitjcy-h4a.fr\\\/index.php\\\/maintenance-des-sites-internets\\\/#breadcrumb\"},\"inLanguage\":\"fr-FR\",\"potentialAction\":[{\"@type\":\"ReadAction\",\"target\":[\"https:\\\/\\\/xn--amlpitjcy-h4a.fr\\\/index.php\\\/maintenance-des-sites-internets\\\/\"]}]},{\"@type\":\"ImageObject\",\"inLanguage\":\"fr-FR\",\"@id\":\"https:\\\/\\\/xn--amlpitjcy-h4a.fr\\\/index.php\\\/maintenance-des-sites-internets\\\/#primaryimage\",\"url\":\"https:\\\/\\\/xn--amlpitjcy-h4a.fr\\\/wp-content\\\/uploads\\\/2024\\\/05\\\/pexels-joshsorenson-1714208-2.webp\",\"contentUrl\":\"https:\\\/\\\/xn--amlpitjcy-h4a.fr\\\/wp-content\\\/uploads\\\/2024\\\/05\\\/pexels-joshsorenson-1714208-2.webp\",\"width\":640,\"height\":427},{\"@type\":\"BreadcrumbList\",\"@id\":\"https:\\\/\\\/xn--amlpitjcy-h4a.fr\\\/index.php\\\/maintenance-des-sites-internets\\\/#breadcrumb\",\"itemListElement\":[{\"@type\":\"ListItem\",\"position\":1,\"name\":\"Accueil\",\"item\":\"https:\\\/\\\/xn--amlpitjcy-h4a.fr\\\/\"},{\"@type\":\"ListItem\",\"position\":2,\"name\":\"Maintenance des sites internets\"}]},{\"@type\":\"WebSite\",\"@id\":\"https:\\\/\\\/xn--amlpitjcy-h4a.fr\\\/#website\",\"url\":\"https:\\\/\\\/xn--amlpitjcy-h4a.fr\\\/\",\"name\":\"Amlpitj\u00e9cy\",\"description\":\"L&#039;intelligence, c&#039;est de pr\u00e9voir celle de l&#039;autre.\",\"publisher\":{\"@id\":\"https:\\\/\\\/xn--amlpitjcy-h4a.fr\\\/#organization\"},\"potentialAction\":[{\"@type\":\"SearchAction\",\"target\":{\"@type\":\"EntryPoint\",\"urlTemplate\":\"https:\\\/\\\/xn--amlpitjcy-h4a.fr\\\/?s={search_term_string}\"},\"query-input\":{\"@type\":\"PropertyValueSpecification\",\"valueRequired\":true,\"valueName\":\"search_term_string\"}}],\"inLanguage\":\"fr-FR\"},{\"@type\":\"Organization\",\"@id\":\"https:\\\/\\\/xn--amlpitjcy-h4a.fr\\\/#organization\",\"name\":\"Amlpitj\u00e9cy\",\"url\":\"https:\\\/\\\/xn--amlpitjcy-h4a.fr\\\/\",\"logo\":{\"@type\":\"ImageObject\",\"inLanguage\":\"fr-FR\",\"@id\":\"https:\\\/\\\/xn--amlpitjcy-h4a.fr\\\/#\\\/schema\\\/logo\\\/image\\\/\",\"url\":\"https:\\\/\\\/xn--amlpitjcy-h4a.fr\\\/wp-content\\\/uploads\\\/2024\\\/05\\\/Logo-with-color-background.webp\",\"contentUrl\":\"https:\\\/\\\/xn--amlpitjcy-h4a.fr\\\/wp-content\\\/uploads\\\/2024\\\/05\\\/Logo-with-color-background.webp\",\"width\":1320,\"height\":1000,\"caption\":\"Amlpitj\u00e9cy\"},\"image\":{\"@id\":\"https:\\\/\\\/xn--amlpitjcy-h4a.fr\\\/#\\\/schema\\\/logo\\\/image\\\/\"}}]}<\/script>\n<!-- \/ Yoast SEO plugin. -->","yoast_head_json":{"title":"Maintenance des sites internets - Amlpitj\u00e9cy","description":"D\u00e9couvrez l'importance de la maintenance des sites internets pour garantir la s\u00e9curit\u00e9 et le bon fonctionnement de votre marque en ligne.","robots":{"index":"index","follow":"follow","max-snippet":"max-snippet:-1","max-image-preview":"max-image-preview:large","max-video-preview":"max-video-preview:-1"},"canonical":"https:\/\/xn--amlpitjcy-h4a.fr\/index.php\/maintenance-des-sites-internets\/","og_locale":"fr_FR","og_type":"article","og_title":"Maintenance des sites internets - Amlpitj\u00e9cy","og_description":"D\u00e9couvrez l'importance de la maintenance des sites internets pour garantir la s\u00e9curit\u00e9 et le bon fonctionnement de votre marque en ligne.","og_url":"https:\/\/xn--amlpitjcy-h4a.fr\/index.php\/maintenance-des-sites-internets\/","og_site_name":"Amlpitj\u00e9cy","article_modified_time":"2024-06-17T13:42:04+00:00","og_image":[{"url":"https:\/\/xn--amlpitjcy-h4a.fr\/wp-content\/uploads\/2024\/05\/pexels-joshsorenson-1714208-2.webp","type":"","width":"","height":""}],"twitter_card":"summary_large_image","twitter_misc":{"Dur\u00e9e de lecture estim\u00e9e":"4 minutes"},"schema":{"@context":"https:\/\/schema.org","@graph":[{"@type":"WebPage","@id":"https:\/\/xn--amlpitjcy-h4a.fr\/index.php\/maintenance-des-sites-internets\/","url":"https:\/\/xn--amlpitjcy-h4a.fr\/index.php\/maintenance-des-sites-internets\/","name":"Maintenance des sites internets - Amlpitj\u00e9cy","isPartOf":{"@id":"https:\/\/xn--amlpitjcy-h4a.fr\/#website"},"primaryImageOfPage":{"@id":"https:\/\/xn--amlpitjcy-h4a.fr\/index.php\/maintenance-des-sites-internets\/#primaryimage"},"image":{"@id":"https:\/\/xn--amlpitjcy-h4a.fr\/index.php\/maintenance-des-sites-internets\/#primaryimage"},"thumbnailUrl":"https:\/\/xn--amlpitjcy-h4a.fr\/wp-content\/uploads\/2024\/05\/pexels-joshsorenson-1714208-2.webp","datePublished":"2024-05-29T09:36:49+00:00","dateModified":"2024-06-17T13:42:04+00:00","description":"D\u00e9couvrez l'importance de la maintenance des sites internets pour garantir la s\u00e9curit\u00e9 et le bon fonctionnement de votre marque en ligne.","breadcrumb":{"@id":"https:\/\/xn--amlpitjcy-h4a.fr\/index.php\/maintenance-des-sites-internets\/#breadcrumb"},"inLanguage":"fr-FR","potentialAction":[{"@type":"ReadAction","target":["https:\/\/xn--amlpitjcy-h4a.fr\/index.php\/maintenance-des-sites-internets\/"]}]},{"@type":"ImageObject","inLanguage":"fr-FR","@id":"https:\/\/xn--amlpitjcy-h4a.fr\/index.php\/maintenance-des-sites-internets\/#primaryimage","url":"https:\/\/xn--amlpitjcy-h4a.fr\/wp-content\/uploads\/2024\/05\/pexels-joshsorenson-1714208-2.webp","contentUrl":"https:\/\/xn--amlpitjcy-h4a.fr\/wp-content\/uploads\/2024\/05\/pexels-joshsorenson-1714208-2.webp","width":640,"height":427},{"@type":"BreadcrumbList","@id":"https:\/\/xn--amlpitjcy-h4a.fr\/index.php\/maintenance-des-sites-internets\/#breadcrumb","itemListElement":[{"@type":"ListItem","position":1,"name":"Accueil","item":"https:\/\/xn--amlpitjcy-h4a.fr\/"},{"@type":"ListItem","position":2,"name":"Maintenance des sites internets"}]},{"@type":"WebSite","@id":"https:\/\/xn--amlpitjcy-h4a.fr\/#website","url":"https:\/\/xn--amlpitjcy-h4a.fr\/","name":"Amlpitj\u00e9cy","description":"L&#039;intelligence, c&#039;est de pr\u00e9voir celle de l&#039;autre.","publisher":{"@id":"https:\/\/xn--amlpitjcy-h4a.fr\/#organization"},"potentialAction":[{"@type":"SearchAction","target":{"@type":"EntryPoint","urlTemplate":"https:\/\/xn--amlpitjcy-h4a.fr\/?s={search_term_string}"},"query-input":{"@type":"PropertyValueSpecification","valueRequired":true,"valueName":"search_term_string"}}],"inLanguage":"fr-FR"},{"@type":"Organization","@id":"https:\/\/xn--amlpitjcy-h4a.fr\/#organization","name":"Amlpitj\u00e9cy","url":"https:\/\/xn--amlpitjcy-h4a.fr\/","logo":{"@type":"ImageObject","inLanguage":"fr-FR","@id":"https:\/\/xn--amlpitjcy-h4a.fr\/#\/schema\/logo\/image\/","url":"https:\/\/xn--amlpitjcy-h4a.fr\/wp-content\/uploads\/2024\/05\/Logo-with-color-background.webp","contentUrl":"https:\/\/xn--amlpitjcy-h4a.fr\/wp-content\/uploads\/2024\/05\/Logo-with-color-background.webp","width":1320,"height":1000,"caption":"Amlpitj\u00e9cy"},"image":{"@id":"https:\/\/xn--amlpitjcy-h4a.fr\/#\/schema\/logo\/image\/"}}]}},"_links":{"self":[{"href":"https:\/\/xn--amlpitjcy-h4a.fr\/index.php\/wp-json\/wp\/v2\/pages\/12","targetHints":{"allow":["GET"]}}],"collection":[{"href":"https:\/\/xn--amlpitjcy-h4a.fr\/index.php\/wp-json\/wp\/v2\/pages"}],"about":[{"href":"https:\/\/xn--amlpitjcy-h4a.fr\/index.php\/wp-json\/wp\/v2\/types\/page"}],"author":[{"embeddable":true,"href":"https:\/\/xn--amlpitjcy-h4a.fr\/index.php\/wp-json\/wp\/v2\/users\/1"}],"replies":[{"embeddable":true,"href":"https:\/\/xn--amlpitjcy-h4a.fr\/index.php\/wp-json\/wp\/v2\/comments?post=12"}],"version-history":[{"count":9,"href":"https:\/\/xn--amlpitjcy-h4a.fr\/index.php\/wp-json\/wp\/v2\/pages\/12\/revisions"}],"predecessor-version":[{"id":146,"href":"https:\/\/xn--amlpitjcy-h4a.fr\/index.php\/wp-json\/wp\/v2\/pages\/12\/revisions\/146"}],"wp:attachment":[{"href":"https:\/\/xn--amlpitjcy-h4a.fr\/index.php\/wp-json\/wp\/v2\/media?parent=12"}],"curies":[{"name":"wp","href":"https:\/\/api.w.org\/{rel}","templated":true}]}}