{"id":14,"date":"2024-05-29T09:37:20","date_gmt":"2024-05-29T09:37:20","guid":{"rendered":"https:\/\/xn--amlpitjcy-h4a.fr\/?page_id=14"},"modified":"2024-08-07T05:46:22","modified_gmt":"2024-08-07T05:46:22","slug":"securite-des-sites-internets","status":"publish","type":"page","link":"https:\/\/xn--amlpitjcy-h4a.fr\/index.php\/securite-des-sites-internets\/","title":{"rendered":"S\u00e9curit\u00e9 des sites internets"},"content":{"rendered":"\n<div class=\"wp-block-group alignfull has-global-padding is-layout-constrained wp-container-core-group-is-layout-d89aad35 wp-block-group-is-layout-constrained\" style=\"margin-top:0;margin-bottom:0;padding-top:var(--wp--preset--spacing--50);padding-right:var(--wp--preset--spacing--50);padding-bottom:var(--wp--preset--spacing--50);padding-left:var(--wp--preset--spacing--50)\">\n<div class=\"wp-block-group alignwide has-global-padding is-layout-constrained wp-container-core-group-is-layout-19e250f3 wp-block-group-is-layout-constrained\">\n<div class=\"wp-block-group is-vertical is-content-justification-center is-layout-flex wp-container-core-group-is-layout-6329a8f3 wp-block-group-is-layout-flex\">\n<h2 class=\"wp-block-heading has-text-align-center is-style-default\">S\u00e9curiser des sites web<\/h2>\n\n\n\n<h2 class=\"wp-block-heading has-text-align-center\"><strong>Ma\u00eetriser la s\u00e9curit\u00e9 des sites web&nbsp;: les fondamentaux \u00e0 conna\u00eetre<\/strong><\/h2>\n<\/div>\n\n\n\n<div style=\"height:var(--wp--preset--spacing--40)\" aria-hidden=\"true\" class=\"wp-block-spacer\"><\/div>\n\n\n\n<div class=\"wp-block-columns alignwide is-layout-flex wp-container-core-columns-is-layout-d1c656ed wp-block-columns-is-layout-flex\">\n<div class=\"wp-block-column is-vertically-aligned-center is-layout-flow wp-block-column-is-layout-flow\" style=\"flex-basis:40%\">\n<p><strong>S\u00e9curiser des sites web<\/strong> est une pr\u00e9occupation majeure pour notre agence. La <strong>s\u00e9curit\u00e9 web<\/strong> est essentielle pour prot\u00e9ger les donn\u00e9es sensibles des utilisateurs et \u00e9viter les <strong>attaques<\/strong> les plus courantes. Pour <strong>s\u00e9curiser un site<\/strong>, il est important de prendre en compte plusieurs aspects, tels que la gestion des <strong>mots de passe<\/strong> et la protection de la <strong>base de donn\u00e9es<\/strong>. Les <strong>failles de s\u00e9curit\u00e9<\/strong> peuvent \u00eatre exploit\u00e9es par des <strong>utilisateurs<\/strong> malveillants pour mettre en p\u00e9ril la <strong>s\u00e9curit\u00e9 de votre site web<\/strong>.<\/p>\n<\/div>\n\n\n\n<div class=\"wp-block-column is-layout-flow wp-block-column-is-layout-flow\" style=\"flex-basis:50%\">\n<figure class=\"wp-block-image size-full is-style-rounded is-style-rounded--1\"><img loading=\"lazy\" decoding=\"async\" width=\"640\" height=\"457\" src=\"https:\/\/xn--amlpitjcy-h4a.fr\/wp-content\/uploads\/2024\/05\/pexels-startup-stock-photos-7375.webp\" alt=\"S\u00e9curises des sites\" class=\"wp-image-54\" srcset=\"https:\/\/xn--amlpitjcy-h4a.fr\/wp-content\/uploads\/2024\/05\/pexels-startup-stock-photos-7375.webp 640w, https:\/\/xn--amlpitjcy-h4a.fr\/wp-content\/uploads\/2024\/05\/pexels-startup-stock-photos-7375-300x214.webp 300w\" sizes=\"auto, (max-width: 640px) 100vw, 640px\" \/><\/figure>\n<\/div>\n<\/div>\n\n\n\n<div style=\"height:var(--wp--preset--spacing--40)\" aria-hidden=\"true\" class=\"wp-block-spacer\"><\/div>\n\n\n\n<div class=\"wp-block-columns alignwide is-layout-flex wp-container-core-columns-is-layout-d1c656ed wp-block-columns-is-layout-flex\">\n<div class=\"wp-block-column is-layout-flow wp-block-column-is-layout-flow\" style=\"flex-basis:50%\">\n<figure class=\"wp-block-image size-full is-style-rounded is-style-rounded--2\"><img loading=\"lazy\" decoding=\"async\" width=\"640\" height=\"427\" src=\"https:\/\/xn--amlpitjcy-h4a.fr\/wp-content\/uploads\/2024\/05\/pexels-mikhail-nilov-8284725.webp\" alt=\"\" class=\"wp-image-47\" srcset=\"https:\/\/xn--amlpitjcy-h4a.fr\/wp-content\/uploads\/2024\/05\/pexels-mikhail-nilov-8284725.webp 640w, https:\/\/xn--amlpitjcy-h4a.fr\/wp-content\/uploads\/2024\/05\/pexels-mikhail-nilov-8284725-300x200.webp 300w\" sizes=\"auto, (max-width: 640px) 100vw, 640px\" \/><\/figure>\n<\/div>\n\n\n\n<div class=\"wp-block-column is-vertically-aligned-center is-layout-flow wp-block-column-is-layout-flow\" style=\"flex-basis:40%\">\n<p><strong>Comment s\u00e9curiser un site web<\/strong>\u2009? Il est recommand\u00e9 d\u2019utiliser des <strong>mesures de s\u00e9curit\u00e9<\/strong> telles que des <strong>mots de passe<\/strong> forts, des <strong>serveurs web<\/strong> s\u00e9curis\u00e9s et des <strong>applications web<\/strong> prot\u00e9g\u00e9es. Il est \u00e9galement important de se tenir inform\u00e9 des <strong>menaces<\/strong> de s\u00e9curit\u00e9 en ligne et d\u2019agir rapidement pour <strong>assurer la s\u00e9curit\u00e9<\/strong> de votre <strong>site web contre<\/strong> les <strong>attaques<\/strong> potentielles.<\/p>\n<\/div>\n<\/div>\n<\/div>\n<\/div>\n\n\n\n<div class=\"wp-block-group alignfull has-accent-5-background-color has-background has-global-padding is-layout-constrained wp-container-core-group-is-layout-d89aad35 wp-block-group-is-layout-constrained\" style=\"margin-top:0;margin-bottom:0;padding-top:var(--wp--preset--spacing--50);padding-right:var(--wp--preset--spacing--50);padding-bottom:var(--wp--preset--spacing--50);padding-left:var(--wp--preset--spacing--50)\">\n<div class=\"wp-block-columns alignwide is-layout-flex wp-container-core-columns-is-layout-1da03c2a wp-block-columns-is-layout-flex\">\n<div class=\"wp-block-column is-vertically-aligned-center is-layout-flow wp-block-column-is-layout-flow\" style=\"flex-basis:60%\">\n<figure class=\"wp-block-image size-full is-style-rounded wp-duotone-duotone-1 is-style-rounded--3\"><img loading=\"lazy\" decoding=\"async\" width=\"640\" height=\"427\" src=\"https:\/\/xn--amlpitjcy-h4a.fr\/wp-content\/uploads\/2024\/05\/pexels-seven11nash-325111-2.webp\" alt=\"prot\u00e9ger mon site internet\" class=\"wp-image-49\" style=\"aspect-ratio:4\/3;object-fit:cover\" srcset=\"https:\/\/xn--amlpitjcy-h4a.fr\/wp-content\/uploads\/2024\/05\/pexels-seven11nash-325111-2.webp 640w, https:\/\/xn--amlpitjcy-h4a.fr\/wp-content\/uploads\/2024\/05\/pexels-seven11nash-325111-2-300x200.webp 300w\" sizes=\"auto, (max-width: 640px) 100vw, 640px\" \/><\/figure>\n<\/div>\n\n\n\n<div class=\"wp-block-column is-layout-flow wp-block-column-is-layout-flow\" style=\"flex-basis:40%\">\n<h2 class=\"wp-block-heading\"><strong>Comment s\u00e9curiser efficacement un site web<\/strong><\/h2>\n\n\n\n<p><strong>Prot\u00e9gez votre site web\u00a0:<\/strong> il est crucial de <strong>s\u00e9curiser un site web<\/strong> pour \u00e9viter les attaques potentielles et <a href=\"https:\/\/www.cnil.fr\/fr\/definition\/donnee-sensible\">prot\u00e9ger les donn\u00e9es sensibles<\/a>. La <strong>s\u00e9curit\u00e9 web<\/strong> est essentielle pour assurer la confidentialit\u00e9 et l\u2019int\u00e9grit\u00e9 des informations stock\u00e9es sur un site internet. Un des premiers pas pour <strong>s\u00e9curiser un site<\/strong> est de choisir des <strong>mots de passe<\/strong> forts et complexes pour l\u2019acc\u00e8s \u00e0 l\u2019administration du site. Les <strong>les sites<\/strong> sont souvent cibl\u00e9s par des hackers \u00e0 la recherche de <strong>failles de s\u00e9curit\u00e9<\/strong> pour exploiter. Il est donc primordial de prendre des mesures pour prot\u00e9ger votre <strong>site web<\/strong> contre les <strong>menaces<\/strong> et les <strong>attaques les plus courantes<\/strong>.<\/p>\n\n\n\n<div class=\"wp-block-buttons is-layout-flex wp-block-buttons-is-layout-flex\">\n<div class=\"wp-block-button\"><a class=\"wp-block-button__link wp-element-button\" href=\"https:\/\/xn--amlpitjcy-h4a.fr\/index.php\/contact\/\">Contact<\/a><\/div>\n<\/div>\n<\/div>\n<\/div>\n\n\n\n<div class=\"wp-block-group alignfull has-global-padding is-layout-constrained wp-container-core-group-is-layout-daa29608 wp-block-group-is-layout-constrained\" style=\"margin-top:0;margin-bottom:0;padding-top:var(--wp--preset--spacing--50);padding-right:var(--wp--preset--spacing--50);padding-bottom:var(--wp--preset--spacing--50);padding-left:var(--wp--preset--spacing--50)\">\n<p class=\"has-text-align-center has-medium-font-size\"><em><strong>Un utilisateur<\/strong> malveillant pourrait acc\u00e9der \u00e0 la <strong>base de donn\u00e9es<\/strong> d\u2019un site web pour voler des informations sensibles ou causer des dommages. Pour <strong>assurer la s\u00e9curit\u00e9<\/strong> d\u2019un site, il est important de s\u00e9curiser la <strong>s\u00e9curit\u00e9 d\u2019un site web<\/strong> en v\u00e9rifiant r\u00e9guli\u00e8rement les <strong>mots de passe<\/strong> et en mettant \u00e0 jour les <strong>applications web<\/strong> utilis\u00e9es. Un <strong>serveur web<\/strong> vuln\u00e9rable pourrait mettre en p\u00e9ril la <strong>s\u00e9curit\u00e9 des sites web<\/strong>, il est donc crucial de prendre des mesures pour renforcer la <strong>s\u00e9curit\u00e9 d\u2019un site<\/strong> et prot\u00e9ger votre <strong>site internet<\/strong> contre les <strong>risques de s\u00e9curit\u00e9<\/strong>.<\/em><\/p>\n<\/div>\n<\/div>\n","protected":false},"excerpt":{"rendered":"<p>S\u00e9curiser des sites web Ma\u00eetriser la s\u00e9curit\u00e9 des sites web&nbsp;: les fondamentaux \u00e0 conna\u00eetre S\u00e9curiser des sites web est une pr\u00e9occupation majeure pour notre agence. La s\u00e9curit\u00e9 web est essentielle pour prot\u00e9ger les donn\u00e9es sensibles des utilisateurs et \u00e9viter les attaques les plus courantes. Pour s\u00e9curiser un site, il est important de prendre en compte [&hellip;]<\/p>\n","protected":false},"author":1,"featured_media":0,"parent":0,"menu_order":0,"comment_status":"closed","ping_status":"closed","template":"","meta":{"footnotes":""},"class_list":["post-14","page","type-page","status-publish","hentry"],"yoast_head":"<!-- This site is optimized with the Yoast SEO plugin v27.4 - https:\/\/yoast.com\/product\/yoast-seo-wordpress\/ -->\n<title>S\u00e9curiser des sites internets - Amlpitj\u00e9cy<\/title>\n<meta name=\"description\" content=\"S\u00e9curiser des sites internet est une activit\u00e9 d&#039;Amlpitj\u00e9cy. Assurez-vous d\u2019avoir pris les bonnes mesures concernant votre activit\u00e9 en ligne !\" \/>\n<meta name=\"robots\" content=\"index, follow, max-snippet:-1, max-image-preview:large, max-video-preview:-1\" \/>\n<link rel=\"canonical\" href=\"https:\/\/xn--amlpitjcy-h4a.fr\/index.php\/securite-des-sites-internets\/\" \/>\n<meta property=\"og:locale\" content=\"fr_FR\" \/>\n<meta property=\"og:type\" content=\"article\" \/>\n<meta property=\"og:title\" content=\"S\u00e9curiser des sites internets - Amlpitj\u00e9cy\" \/>\n<meta property=\"og:description\" content=\"S\u00e9curiser des sites internet est une activit\u00e9 d&#039;Amlpitj\u00e9cy. Assurez-vous d\u2019avoir pris les bonnes mesures concernant votre activit\u00e9 en ligne !\" \/>\n<meta property=\"og:url\" content=\"https:\/\/xn--amlpitjcy-h4a.fr\/index.php\/securite-des-sites-internets\/\" \/>\n<meta property=\"og:site_name\" content=\"Amlpitj\u00e9cy\" \/>\n<meta property=\"article:modified_time\" content=\"2024-08-07T05:46:22+00:00\" \/>\n<meta property=\"og:image\" content=\"https:\/\/xn--amlpitjcy-h4a.fr\/wp-content\/uploads\/2024\/05\/pexels-startup-stock-photos-7375.webp\" \/>\n<meta name=\"twitter:card\" content=\"summary_large_image\" \/>\n<meta name=\"twitter:label1\" content=\"Dur\u00e9e de lecture estim\u00e9e\" \/>\n\t<meta name=\"twitter:data1\" content=\"3 minutes\" \/>\n<script type=\"application\/ld+json\" class=\"yoast-schema-graph\">{\"@context\":\"https:\\\/\\\/schema.org\",\"@graph\":[{\"@type\":\"WebPage\",\"@id\":\"https:\\\/\\\/xn--amlpitjcy-h4a.fr\\\/index.php\\\/securite-des-sites-internets\\\/\",\"url\":\"https:\\\/\\\/xn--amlpitjcy-h4a.fr\\\/index.php\\\/securite-des-sites-internets\\\/\",\"name\":\"S\u00e9curiser des sites internets - Amlpitj\u00e9cy\",\"isPartOf\":{\"@id\":\"https:\\\/\\\/xn--amlpitjcy-h4a.fr\\\/#website\"},\"primaryImageOfPage\":{\"@id\":\"https:\\\/\\\/xn--amlpitjcy-h4a.fr\\\/index.php\\\/securite-des-sites-internets\\\/#primaryimage\"},\"image\":{\"@id\":\"https:\\\/\\\/xn--amlpitjcy-h4a.fr\\\/index.php\\\/securite-des-sites-internets\\\/#primaryimage\"},\"thumbnailUrl\":\"https:\\\/\\\/xn--amlpitjcy-h4a.fr\\\/wp-content\\\/uploads\\\/2024\\\/05\\\/pexels-startup-stock-photos-7375.webp\",\"datePublished\":\"2024-05-29T09:37:20+00:00\",\"dateModified\":\"2024-08-07T05:46:22+00:00\",\"description\":\"S\u00e9curiser des sites internet est une activit\u00e9 d'Amlpitj\u00e9cy. Assurez-vous d\u2019avoir pris les bonnes mesures concernant votre activit\u00e9 en ligne !\",\"breadcrumb\":{\"@id\":\"https:\\\/\\\/xn--amlpitjcy-h4a.fr\\\/index.php\\\/securite-des-sites-internets\\\/#breadcrumb\"},\"inLanguage\":\"fr-FR\",\"potentialAction\":[{\"@type\":\"ReadAction\",\"target\":[\"https:\\\/\\\/xn--amlpitjcy-h4a.fr\\\/index.php\\\/securite-des-sites-internets\\\/\"]}]},{\"@type\":\"ImageObject\",\"inLanguage\":\"fr-FR\",\"@id\":\"https:\\\/\\\/xn--amlpitjcy-h4a.fr\\\/index.php\\\/securite-des-sites-internets\\\/#primaryimage\",\"url\":\"https:\\\/\\\/xn--amlpitjcy-h4a.fr\\\/wp-content\\\/uploads\\\/2024\\\/05\\\/pexels-startup-stock-photos-7375.webp\",\"contentUrl\":\"https:\\\/\\\/xn--amlpitjcy-h4a.fr\\\/wp-content\\\/uploads\\\/2024\\\/05\\\/pexels-startup-stock-photos-7375.webp\",\"width\":640,\"height\":457},{\"@type\":\"BreadcrumbList\",\"@id\":\"https:\\\/\\\/xn--amlpitjcy-h4a.fr\\\/index.php\\\/securite-des-sites-internets\\\/#breadcrumb\",\"itemListElement\":[{\"@type\":\"ListItem\",\"position\":1,\"name\":\"Accueil\",\"item\":\"https:\\\/\\\/xn--amlpitjcy-h4a.fr\\\/\"},{\"@type\":\"ListItem\",\"position\":2,\"name\":\"S\u00e9curit\u00e9 des sites internets\"}]},{\"@type\":\"WebSite\",\"@id\":\"https:\\\/\\\/xn--amlpitjcy-h4a.fr\\\/#website\",\"url\":\"https:\\\/\\\/xn--amlpitjcy-h4a.fr\\\/\",\"name\":\"Amlpitj\u00e9cy\",\"description\":\"L&#039;intelligence, c&#039;est de pr\u00e9voir celle de l&#039;autre.\",\"publisher\":{\"@id\":\"https:\\\/\\\/xn--amlpitjcy-h4a.fr\\\/#organization\"},\"potentialAction\":[{\"@type\":\"SearchAction\",\"target\":{\"@type\":\"EntryPoint\",\"urlTemplate\":\"https:\\\/\\\/xn--amlpitjcy-h4a.fr\\\/?s={search_term_string}\"},\"query-input\":{\"@type\":\"PropertyValueSpecification\",\"valueRequired\":true,\"valueName\":\"search_term_string\"}}],\"inLanguage\":\"fr-FR\"},{\"@type\":\"Organization\",\"@id\":\"https:\\\/\\\/xn--amlpitjcy-h4a.fr\\\/#organization\",\"name\":\"Amlpitj\u00e9cy\",\"url\":\"https:\\\/\\\/xn--amlpitjcy-h4a.fr\\\/\",\"logo\":{\"@type\":\"ImageObject\",\"inLanguage\":\"fr-FR\",\"@id\":\"https:\\\/\\\/xn--amlpitjcy-h4a.fr\\\/#\\\/schema\\\/logo\\\/image\\\/\",\"url\":\"https:\\\/\\\/xn--amlpitjcy-h4a.fr\\\/wp-content\\\/uploads\\\/2024\\\/05\\\/Logo-with-color-background.webp\",\"contentUrl\":\"https:\\\/\\\/xn--amlpitjcy-h4a.fr\\\/wp-content\\\/uploads\\\/2024\\\/05\\\/Logo-with-color-background.webp\",\"width\":1320,\"height\":1000,\"caption\":\"Amlpitj\u00e9cy\"},\"image\":{\"@id\":\"https:\\\/\\\/xn--amlpitjcy-h4a.fr\\\/#\\\/schema\\\/logo\\\/image\\\/\"}}]}<\/script>\n<!-- \/ Yoast SEO plugin. -->","yoast_head_json":{"title":"S\u00e9curiser des sites internets - Amlpitj\u00e9cy","description":"S\u00e9curiser des sites internet est une activit\u00e9 d'Amlpitj\u00e9cy. Assurez-vous d\u2019avoir pris les bonnes mesures concernant votre activit\u00e9 en ligne !","robots":{"index":"index","follow":"follow","max-snippet":"max-snippet:-1","max-image-preview":"max-image-preview:large","max-video-preview":"max-video-preview:-1"},"canonical":"https:\/\/xn--amlpitjcy-h4a.fr\/index.php\/securite-des-sites-internets\/","og_locale":"fr_FR","og_type":"article","og_title":"S\u00e9curiser des sites internets - Amlpitj\u00e9cy","og_description":"S\u00e9curiser des sites internet est une activit\u00e9 d'Amlpitj\u00e9cy. Assurez-vous d\u2019avoir pris les bonnes mesures concernant votre activit\u00e9 en ligne !","og_url":"https:\/\/xn--amlpitjcy-h4a.fr\/index.php\/securite-des-sites-internets\/","og_site_name":"Amlpitj\u00e9cy","article_modified_time":"2024-08-07T05:46:22+00:00","og_image":[{"url":"https:\/\/xn--amlpitjcy-h4a.fr\/wp-content\/uploads\/2024\/05\/pexels-startup-stock-photos-7375.webp","type":"","width":"","height":""}],"twitter_card":"summary_large_image","twitter_misc":{"Dur\u00e9e de lecture estim\u00e9e":"3 minutes"},"schema":{"@context":"https:\/\/schema.org","@graph":[{"@type":"WebPage","@id":"https:\/\/xn--amlpitjcy-h4a.fr\/index.php\/securite-des-sites-internets\/","url":"https:\/\/xn--amlpitjcy-h4a.fr\/index.php\/securite-des-sites-internets\/","name":"S\u00e9curiser des sites internets - Amlpitj\u00e9cy","isPartOf":{"@id":"https:\/\/xn--amlpitjcy-h4a.fr\/#website"},"primaryImageOfPage":{"@id":"https:\/\/xn--amlpitjcy-h4a.fr\/index.php\/securite-des-sites-internets\/#primaryimage"},"image":{"@id":"https:\/\/xn--amlpitjcy-h4a.fr\/index.php\/securite-des-sites-internets\/#primaryimage"},"thumbnailUrl":"https:\/\/xn--amlpitjcy-h4a.fr\/wp-content\/uploads\/2024\/05\/pexels-startup-stock-photos-7375.webp","datePublished":"2024-05-29T09:37:20+00:00","dateModified":"2024-08-07T05:46:22+00:00","description":"S\u00e9curiser des sites internet est une activit\u00e9 d'Amlpitj\u00e9cy. Assurez-vous d\u2019avoir pris les bonnes mesures concernant votre activit\u00e9 en ligne !","breadcrumb":{"@id":"https:\/\/xn--amlpitjcy-h4a.fr\/index.php\/securite-des-sites-internets\/#breadcrumb"},"inLanguage":"fr-FR","potentialAction":[{"@type":"ReadAction","target":["https:\/\/xn--amlpitjcy-h4a.fr\/index.php\/securite-des-sites-internets\/"]}]},{"@type":"ImageObject","inLanguage":"fr-FR","@id":"https:\/\/xn--amlpitjcy-h4a.fr\/index.php\/securite-des-sites-internets\/#primaryimage","url":"https:\/\/xn--amlpitjcy-h4a.fr\/wp-content\/uploads\/2024\/05\/pexels-startup-stock-photos-7375.webp","contentUrl":"https:\/\/xn--amlpitjcy-h4a.fr\/wp-content\/uploads\/2024\/05\/pexels-startup-stock-photos-7375.webp","width":640,"height":457},{"@type":"BreadcrumbList","@id":"https:\/\/xn--amlpitjcy-h4a.fr\/index.php\/securite-des-sites-internets\/#breadcrumb","itemListElement":[{"@type":"ListItem","position":1,"name":"Accueil","item":"https:\/\/xn--amlpitjcy-h4a.fr\/"},{"@type":"ListItem","position":2,"name":"S\u00e9curit\u00e9 des sites internets"}]},{"@type":"WebSite","@id":"https:\/\/xn--amlpitjcy-h4a.fr\/#website","url":"https:\/\/xn--amlpitjcy-h4a.fr\/","name":"Amlpitj\u00e9cy","description":"L&#039;intelligence, c&#039;est de pr\u00e9voir celle de l&#039;autre.","publisher":{"@id":"https:\/\/xn--amlpitjcy-h4a.fr\/#organization"},"potentialAction":[{"@type":"SearchAction","target":{"@type":"EntryPoint","urlTemplate":"https:\/\/xn--amlpitjcy-h4a.fr\/?s={search_term_string}"},"query-input":{"@type":"PropertyValueSpecification","valueRequired":true,"valueName":"search_term_string"}}],"inLanguage":"fr-FR"},{"@type":"Organization","@id":"https:\/\/xn--amlpitjcy-h4a.fr\/#organization","name":"Amlpitj\u00e9cy","url":"https:\/\/xn--amlpitjcy-h4a.fr\/","logo":{"@type":"ImageObject","inLanguage":"fr-FR","@id":"https:\/\/xn--amlpitjcy-h4a.fr\/#\/schema\/logo\/image\/","url":"https:\/\/xn--amlpitjcy-h4a.fr\/wp-content\/uploads\/2024\/05\/Logo-with-color-background.webp","contentUrl":"https:\/\/xn--amlpitjcy-h4a.fr\/wp-content\/uploads\/2024\/05\/Logo-with-color-background.webp","width":1320,"height":1000,"caption":"Amlpitj\u00e9cy"},"image":{"@id":"https:\/\/xn--amlpitjcy-h4a.fr\/#\/schema\/logo\/image\/"}}]}},"_links":{"self":[{"href":"https:\/\/xn--amlpitjcy-h4a.fr\/index.php\/wp-json\/wp\/v2\/pages\/14","targetHints":{"allow":["GET"]}}],"collection":[{"href":"https:\/\/xn--amlpitjcy-h4a.fr\/index.php\/wp-json\/wp\/v2\/pages"}],"about":[{"href":"https:\/\/xn--amlpitjcy-h4a.fr\/index.php\/wp-json\/wp\/v2\/types\/page"}],"author":[{"embeddable":true,"href":"https:\/\/xn--amlpitjcy-h4a.fr\/index.php\/wp-json\/wp\/v2\/users\/1"}],"replies":[{"embeddable":true,"href":"https:\/\/xn--amlpitjcy-h4a.fr\/index.php\/wp-json\/wp\/v2\/comments?post=14"}],"version-history":[{"count":8,"href":"https:\/\/xn--amlpitjcy-h4a.fr\/index.php\/wp-json\/wp\/v2\/pages\/14\/revisions"}],"predecessor-version":[{"id":151,"href":"https:\/\/xn--amlpitjcy-h4a.fr\/index.php\/wp-json\/wp\/v2\/pages\/14\/revisions\/151"}],"wp:attachment":[{"href":"https:\/\/xn--amlpitjcy-h4a.fr\/index.php\/wp-json\/wp\/v2\/media?parent=14"}],"curies":[{"name":"wp","href":"https:\/\/api.w.org\/{rel}","templated":true}]}}