{"id":6,"date":"2024-05-29T09:35:09","date_gmt":"2024-05-29T09:35:09","guid":{"rendered":"https:\/\/xn--amlpitjcy-h4a.fr\/?page_id=6"},"modified":"2024-08-07T06:11:49","modified_gmt":"2024-08-07T06:11:49","slug":"formation","status":"publish","type":"page","link":"https:\/\/xn--amlpitjcy-h4a.fr\/index.php\/formation\/","title":{"rendered":"Formation en cybermalveillance"},"content":{"rendered":"\n<div class=\"wp-block-group alignfull has-accent-background-color has-background has-global-padding is-layout-constrained wp-container-core-group-is-layout-669513ed wp-block-group-is-layout-constrained\" style=\"margin-top:0;margin-bottom:0;padding-top:var(--wp--preset--spacing--50);padding-right:var(--wp--preset--spacing--50);padding-bottom:var(--wp--preset--spacing--50);padding-left:var(--wp--preset--spacing--50)\">\n<div class=\"wp-block-columns alignwide is-layout-flex wp-container-core-columns-is-layout-1da03c2a wp-block-columns-is-layout-flex\">\n<div class=\"wp-block-column is-vertically-aligned-stretch is-layout-flow wp-block-column-is-layout-flow\" style=\"flex-basis:50%\">\n<div class=\"wp-block-group is-vertical is-content-justification-stretch is-layout-flex wp-container-core-group-is-layout-444d5ee8 wp-block-group-is-layout-flex\" style=\"min-height:100%\">\n<h2 class=\"wp-block-heading has-x-large-font-size\">Formation en cybermalveillance&nbsp;: Comment obtenir une assistance ?<\/h2>\n\n\n\n<div class=\"wp-block-group has-global-padding is-content-justification-left is-layout-constrained wp-container-core-group-is-layout-9fe8ed88 wp-block-group-is-layout-constrained\">\n<p><strong>Cybermalveillance.gouv.fr <\/strong>lance des initiatives pour sensibiliser et former le public sur les <strong>risques num\u00e9riques<\/strong>. L\u2019<strong>ANSSI <\/strong>(Agence Nationale de la S\u00e9curit\u00e9 des Syst\u00e8mes d\u2019Information) propose des <strong>modules <\/strong>de formation en <strong>cybers\u00e9curit\u00e9 <\/strong>pour renforcer les <strong>comp\u00e9tences cyber <\/strong>de la population. Les <strong>organismes de formation <\/strong>offrent \u00e9galement une gamme de <strong>formations en ligne <\/strong>sur la <strong>s\u00e9curit\u00e9 informatique<\/strong>.<\/p>\n\n\n\n<p>Pour obtenir de l\u2019<strong>assistance aux victimes des cyberattaques, <\/strong>il est recommand\u00e9 de consulter le site <strong>cybermalveillance.gouv.fr <\/strong>pour rester inform\u00e9 sur l\u2019<strong>actualit\u00e9 de la cybermalveillance <\/strong>et apprendre <strong>les bons r\u00e9flexes <\/strong>en cas de <strong>cyberattaques<\/strong>. Le <strong>CFSSI <\/strong>(Centre de formation \u00e0 la <strong>s\u00e9curit\u00e9 num\u00e9rique<\/strong>) propose un <strong>catalogue des formations <\/strong>pour les professionnels et le grand public int\u00e9ress\u00e9s par la <strong>cybers\u00e9curit\u00e9 en France<\/strong>.<\/p>\n\n\n\n<div class=\"wp-block-buttons is-layout-flex wp-block-buttons-is-layout-flex\">\n<div class=\"wp-block-button\"><a class=\"wp-block-button__link wp-element-button\">En savoir plus<\/a><\/div>\n<\/div>\n<\/div>\n<\/div>\n<\/div>\n\n\n\n<div class=\"wp-block-column is-vertically-aligned-center is-layout-flow wp-block-column-is-layout-flow\" style=\"flex-basis:50%\">\n<figure class=\"wp-block-image size-full is-style-rounded is-style-rounded--1\"><img loading=\"lazy\" decoding=\"async\" width=\"640\" height=\"427\" src=\"https:\/\/xn--amlpitjcy-h4a.fr\/wp-content\/uploads\/2024\/05\/pexels-lum3n-44775-167682.webp\" alt=\"\" class=\"wp-image-80\" style=\"aspect-ratio:3\/4;object-fit:cover\" srcset=\"https:\/\/xn--amlpitjcy-h4a.fr\/wp-content\/uploads\/2024\/05\/pexels-lum3n-44775-167682.webp 640w, https:\/\/xn--amlpitjcy-h4a.fr\/wp-content\/uploads\/2024\/05\/pexels-lum3n-44775-167682-300x200.webp 300w\" sizes=\"auto, (max-width: 640px) 100vw, 640px\" \/><\/figure>\n<\/div>\n<\/div>\n<\/div>\n\n\n\n<div class=\"wp-block-group alignfull has-base-background-color has-background has-global-padding is-layout-constrained wp-container-core-group-is-layout-d89aad35 wp-block-group-is-layout-constrained\" style=\"margin-top:0;margin-bottom:0;padding-top:var(--wp--preset--spacing--50);padding-right:var(--wp--preset--spacing--50);padding-bottom:var(--wp--preset--spacing--50);padding-left:var(--wp--preset--spacing--50)\">\n<div class=\"wp-block-columns alignwide is-layout-flex wp-container-core-columns-is-layout-549b0c86 wp-block-columns-is-layout-flex\">\n<div class=\"wp-block-column has-global-padding is-content-justification-left is-layout-constrained wp-container-core-column-is-layout-4f15e8fe wp-block-column-is-layout-constrained\" style=\"flex-basis:40%\">\n<p><strong>Les bonnes pratiques en mati\u00e8re de cybers\u00e9curit\u00e9<\/strong> sont essentielles pour prot\u00e9ger nos donn\u00e9es personnelles et professionnelles contre les menaces en ligne.<\/p>\n<\/div>\n\n\n\n<div class=\"wp-block-column is-layout-flow wp-container-core-column-is-layout-119bc444 wp-block-column-is-layout-flow\" style=\"flex-basis:60%\">\n<h2 class=\"wp-block-heading has-x-large-font-size\"><strong>Les meilleures pratiques en cybers\u00e9curit\u00e9<\/strong><\/h2>\n\n\n\n<div class=\"wp-block-columns is-layout-flex wp-container-core-columns-is-layout-87beb0d0 wp-block-columns-is-layout-flex\">\n<div class=\"wp-block-column is-layout-flow wp-block-column-is-layout-flow\">\n<p class=\"wp-container-content-9cfa9a5a\">L\u2019action n\u00e9faste sur internet\u00ab\u2009<strong>cyber\u2009\u00bb<\/strong> est devenu un enjeu majeur dans notre soci\u00e9t\u00e9 moderne, et il est crucial de suivre une<strong> formation en cybers\u00e9curit\u00e9<\/strong> pour \u00eatre bien inform\u00e9 sur les risques et les mesures \u00e0 prendre pour se prot\u00e9ger. <\/p>\n<\/div>\n\n\n\n<div class=\"wp-block-column is-layout-flow wp-block-column-is-layout-flow\">\n<p>En effet, <strong>les bonnes pratiques<\/strong> en <strong>mati\u00e8re de s\u00e9curit\u00e9<\/strong> informatique peuvent faire la diff\u00e9rence entre l\u2019exposition \u00e0 une cyberattaque et la s\u00e9curit\u00e9 de nos informations sensibles.<\/p>\n<\/div>\n<\/div>\n<\/div>\n<\/div>\n<\/div>\n\n\n\n<div class=\"wp-block-group alignfull has-accent-5-background-color has-background has-global-padding is-layout-constrained wp-container-core-group-is-layout-d89aad35 wp-block-group-is-layout-constrained\" style=\"margin-top:0;margin-bottom:0;padding-top:var(--wp--preset--spacing--50);padding-right:var(--wp--preset--spacing--50);padding-bottom:var(--wp--preset--spacing--50);padding-left:var(--wp--preset--spacing--50)\">\n<div class=\"wp-block-columns alignwide is-layout-flex wp-container-core-columns-is-layout-1da03c2a wp-block-columns-is-layout-flex\">\n<div class=\"wp-block-column is-vertically-aligned-center is-layout-flow wp-block-column-is-layout-flow\" style=\"flex-basis:60%\">\n<figure class=\"wp-block-image size-full is-style-rounded wp-duotone-duotone-1 is-style-rounded--2\"><img loading=\"lazy\" decoding=\"async\" width=\"1280\" height=\"853\" src=\"https:\/\/xn--amlpitjcy-h4a.fr\/wp-content\/uploads\/2024\/05\/pexels-icsa-833425-1708988-2.webp\" alt=\"\" class=\"wp-image-85\" style=\"aspect-ratio:4\/3;object-fit:cover\" srcset=\"https:\/\/xn--amlpitjcy-h4a.fr\/wp-content\/uploads\/2024\/05\/pexels-icsa-833425-1708988-2.webp 1280w, https:\/\/xn--amlpitjcy-h4a.fr\/wp-content\/uploads\/2024\/05\/pexels-icsa-833425-1708988-2-300x200.webp 300w, https:\/\/xn--amlpitjcy-h4a.fr\/wp-content\/uploads\/2024\/05\/pexels-icsa-833425-1708988-2-1024x682.webp 1024w, https:\/\/xn--amlpitjcy-h4a.fr\/wp-content\/uploads\/2024\/05\/pexels-icsa-833425-1708988-2-768x512.webp 768w\" sizes=\"auto, (max-width: 1280px) 100vw, 1280px\" \/><\/figure>\n<\/div>\n\n\n\n<div class=\"wp-block-column is-layout-flow wp-block-column-is-layout-flow\" style=\"flex-basis:40%\">\n<h2 class=\"wp-block-heading\">Se former pour mieux comprendre<\/h2>\n\n\n\n<p>Il est recommand\u00e9 de <strong>suivre une formation qualifiante<\/strong> en <strong>cybers\u00e9curit\u00e9<\/strong> pour acqu\u00e9rir les comp\u00e9tences n\u00e9cessaires et obtenir une certification reconnue dans le domaine. Gr\u00e2ce \u00e0 des <strong>formations en cybers\u00e9curit\u00e9<\/strong> de qualit\u00e9, il est possible d\u2019am\u00e9liorer le r\u00e9f\u00e9rencement des programmes de labellisation et de sensibiliser les professionnels \u00e0 <strong>la cybers\u00e9curit\u00e9 en ligne<\/strong>. Cela est particuli\u00e8rement important pour les <strong>agents de la fonction publique<\/strong>, qui sont souvent cibl\u00e9s par des attaques. La plateforme <a href=\"https:\/\/www.cybermalveillance.gouv.fr\">cybermalveillance.gouv.fr<\/a> propose des ressources et des outils pour renforcer la r\u00e9silience num\u00e9rique des organisations et des individus.<\/p>\n\n\n\n<div class=\"wp-block-buttons is-layout-flex wp-block-buttons-is-layout-flex\">\n<div class=\"wp-block-button\"><a class=\"wp-block-button__link wp-element-button\" href=\"https:\/\/xn--amlpitjcy-h4a.fr\/index.php\/contact\/\">Contact<\/a><\/div>\n<\/div>\n<\/div>\n<\/div>\n<\/div>\n\n\n\n<div class=\"wp-block-group alignfull has-global-padding is-layout-constrained wp-container-core-group-is-layout-669513ed wp-block-group-is-layout-constrained\" style=\"margin-top:0;margin-bottom:0;padding-top:var(--wp--preset--spacing--50);padding-right:var(--wp--preset--spacing--50);padding-bottom:var(--wp--preset--spacing--50);padding-left:var(--wp--preset--spacing--50)\">\n<div class=\"wp-block-group is-vertical is-content-justification-center is-layout-flex wp-container-core-group-is-layout-ce155fab wp-block-group-is-layout-flex\">\n<h2 class=\"wp-block-heading has-text-align-center has-xx-large-font-size\">Les formations<\/h2>\n\n\n\n<p class=\"has-text-align-center\">Les formations en cours<\/p>\n<\/div>\n\n\n\n<div style=\"height:var(--wp--preset--spacing--30)\" aria-hidden=\"true\" class=\"wp-block-spacer\"><\/div>\n\n\n\n<div class=\"wp-block-columns alignwide is-layout-flex wp-container-core-columns-is-layout-4935966c wp-block-columns-is-layout-flex\" style=\"padding-right:0;padding-left:0\">\n<div class=\"wp-block-column is-layout-flow wp-block-column-is-layout-flow\">\n<figure class=\"wp-block-image size-full is-style-rounded is-style-rounded--3\"><img loading=\"lazy\" decoding=\"async\" width=\"640\" height=\"427\" src=\"https:\/\/xn--amlpitjcy-h4a.fr\/wp-content\/uploads\/2024\/05\/pexels-tirachard-kumtanom-112571-733856.webp\" alt=\"\" class=\"wp-image-88\" style=\"aspect-ratio:1;object-fit:cover\" srcset=\"https:\/\/xn--amlpitjcy-h4a.fr\/wp-content\/uploads\/2024\/05\/pexels-tirachard-kumtanom-112571-733856.webp 640w, https:\/\/xn--amlpitjcy-h4a.fr\/wp-content\/uploads\/2024\/05\/pexels-tirachard-kumtanom-112571-733856-300x200.webp 300w\" sizes=\"auto, (max-width: 640px) 100vw, 640px\" \/><\/figure>\n\n\n\n<div class=\"wp-block-group is-vertical is-content-justification-center is-nowrap is-layout-flex wp-container-core-group-is-layout-21d4e958 wp-block-group-is-layout-flex\">\n<p class=\"has-text-align-center has-small-font-size\"><strong><a href=\"https:\/\/xn--amlpitjcy-h4a.fr\/index.php\/la-protection-des-donnees\/\">RGPD<\/a><\/strong><\/p>\n<\/div>\n<\/div>\n\n\n\n<div class=\"wp-block-column is-layout-flow wp-block-column-is-layout-flow\">\n<figure class=\"wp-block-image size-full is-style-rounded is-style-rounded--4\"><img loading=\"lazy\" decoding=\"async\" width=\"1280\" height=\"853\" src=\"https:\/\/xn--amlpitjcy-h4a.fr\/wp-content\/uploads\/2024\/05\/pexels-joshsorenson-1714208-3.webp\" alt=\"\" class=\"wp-image-72\" style=\"aspect-ratio:1;object-fit:cover\" srcset=\"https:\/\/xn--amlpitjcy-h4a.fr\/wp-content\/uploads\/2024\/05\/pexels-joshsorenson-1714208-3.webp 1280w, https:\/\/xn--amlpitjcy-h4a.fr\/wp-content\/uploads\/2024\/05\/pexels-joshsorenson-1714208-3-300x200.webp 300w, https:\/\/xn--amlpitjcy-h4a.fr\/wp-content\/uploads\/2024\/05\/pexels-joshsorenson-1714208-3-1024x682.webp 1024w, https:\/\/xn--amlpitjcy-h4a.fr\/wp-content\/uploads\/2024\/05\/pexels-joshsorenson-1714208-3-768x512.webp 768w\" sizes=\"auto, (max-width: 1280px) 100vw, 1280px\" \/><\/figure>\n\n\n\n<div class=\"wp-block-group is-vertical is-content-justification-center is-nowrap is-layout-flex wp-container-core-group-is-layout-63bfd6c1 wp-block-group-is-layout-flex\">\n<p class=\"has-text-align-center has-small-font-size\"><strong><a href=\"https:\/\/xn--amlpitjcy-h4a.fr\/index.php\/securite-des-sites-internets\/\">S\u00e9curiser son site internet<\/a><\/strong><\/p>\n<\/div>\n<\/div>\n\n\n\n<div class=\"wp-block-column is-layout-flow wp-block-column-is-layout-flow\">\n<figure class=\"wp-block-image size-full is-style-rounded is-style-rounded--5\"><img loading=\"lazy\" decoding=\"async\" width=\"640\" height=\"457\" src=\"https:\/\/xn--amlpitjcy-h4a.fr\/wp-content\/uploads\/2024\/05\/pexels-startup-stock-photos-7375.webp\" alt=\"\" class=\"wp-image-54\" style=\"aspect-ratio:1;object-fit:cover\" srcset=\"https:\/\/xn--amlpitjcy-h4a.fr\/wp-content\/uploads\/2024\/05\/pexels-startup-stock-photos-7375.webp 640w, https:\/\/xn--amlpitjcy-h4a.fr\/wp-content\/uploads\/2024\/05\/pexels-startup-stock-photos-7375-300x214.webp 300w\" sizes=\"auto, (max-width: 640px) 100vw, 640px\" \/><\/figure>\n\n\n\n<div class=\"wp-block-group is-vertical is-content-justification-center is-nowrap is-layout-flex wp-container-core-group-is-layout-63bfd6c1 wp-block-group-is-layout-flex\">\n<p class=\"has-text-align-center has-small-font-size\"><strong><a href=\"https:\/\/xn--amlpitjcy-h4a.fr\/index.php\/maintenance-des-sites-internets\/\">Maintenance des sites<\/a><\/strong><\/p>\n<\/div>\n<\/div>\n<\/div>\n<\/div>\n","protected":false},"excerpt":{"rendered":"<p>Formation en cybermalveillance&nbsp;: Comment obtenir une assistance ? Cybermalveillance.gouv.fr lance des initiatives pour sensibiliser et former le public sur les risques num\u00e9riques. L\u2019ANSSI (Agence Nationale de la S\u00e9curit\u00e9 des Syst\u00e8mes d\u2019Information) propose des modules de formation en cybers\u00e9curit\u00e9 pour renforcer les comp\u00e9tences cyber de la population. Les organismes de formation offrent \u00e9galement une gamme de [&hellip;]<\/p>\n","protected":false},"author":1,"featured_media":0,"parent":0,"menu_order":0,"comment_status":"closed","ping_status":"closed","template":"","meta":{"footnotes":""},"class_list":["post-6","page","type-page","status-publish","hentry"],"yoast_head":"<!-- This site is optimized with the Yoast SEO plugin v27.4 - https:\/\/yoast.com\/product\/yoast-seo-wordpress\/ -->\n<title>Formation en cybermalveillance - Amlpitj\u00e9cy<\/title>\n<meta name=\"description\" content=\"La formation en cybermalveillance est le futur enjeu de votre entreprise. Formez-vous d\u00e8s \u00e0 pr\u00e9sent aux bonnes pratiques avec Amlpitj\u00e9cy.\" \/>\n<meta name=\"robots\" content=\"index, follow, max-snippet:-1, max-image-preview:large, max-video-preview:-1\" \/>\n<link rel=\"canonical\" href=\"https:\/\/xn--amlpitjcy-h4a.fr\/index.php\/formation\/\" \/>\n<meta property=\"og:locale\" content=\"fr_FR\" \/>\n<meta property=\"og:type\" content=\"article\" \/>\n<meta property=\"og:title\" content=\"Formation en cybermalveillance - Amlpitj\u00e9cy\" \/>\n<meta property=\"og:description\" content=\"La formation en cybermalveillance est le futur enjeu de votre entreprise. Formez-vous d\u00e8s \u00e0 pr\u00e9sent aux bonnes pratiques avec Amlpitj\u00e9cy.\" \/>\n<meta property=\"og:url\" content=\"https:\/\/xn--amlpitjcy-h4a.fr\/index.php\/formation\/\" \/>\n<meta property=\"og:site_name\" content=\"Amlpitj\u00e9cy\" \/>\n<meta property=\"article:modified_time\" content=\"2024-08-07T06:11:49+00:00\" \/>\n<meta property=\"og:image\" content=\"https:\/\/xn--amlpitjcy-h4a.fr\/wp-content\/uploads\/2024\/05\/pexels-lum3n-44775-167682.webp\" \/>\n<meta name=\"twitter:card\" content=\"summary_large_image\" \/>\n<meta name=\"twitter:label1\" content=\"Dur\u00e9e de lecture estim\u00e9e\" \/>\n\t<meta name=\"twitter:data1\" content=\"3 minutes\" \/>\n<script type=\"application\/ld+json\" class=\"yoast-schema-graph\">{\"@context\":\"https:\\\/\\\/schema.org\",\"@graph\":[{\"@type\":\"WebPage\",\"@id\":\"https:\\\/\\\/xn--amlpitjcy-h4a.fr\\\/index.php\\\/formation\\\/\",\"url\":\"https:\\\/\\\/xn--amlpitjcy-h4a.fr\\\/index.php\\\/formation\\\/\",\"name\":\"Formation en cybermalveillance - Amlpitj\u00e9cy\",\"isPartOf\":{\"@id\":\"https:\\\/\\\/xn--amlpitjcy-h4a.fr\\\/#website\"},\"primaryImageOfPage\":{\"@id\":\"https:\\\/\\\/xn--amlpitjcy-h4a.fr\\\/index.php\\\/formation\\\/#primaryimage\"},\"image\":{\"@id\":\"https:\\\/\\\/xn--amlpitjcy-h4a.fr\\\/index.php\\\/formation\\\/#primaryimage\"},\"thumbnailUrl\":\"https:\\\/\\\/xn--amlpitjcy-h4a.fr\\\/wp-content\\\/uploads\\\/2024\\\/05\\\/pexels-lum3n-44775-167682.webp\",\"datePublished\":\"2024-05-29T09:35:09+00:00\",\"dateModified\":\"2024-08-07T06:11:49+00:00\",\"description\":\"La formation en cybermalveillance est le futur enjeu de votre entreprise. Formez-vous d\u00e8s \u00e0 pr\u00e9sent aux bonnes pratiques avec Amlpitj\u00e9cy.\",\"breadcrumb\":{\"@id\":\"https:\\\/\\\/xn--amlpitjcy-h4a.fr\\\/index.php\\\/formation\\\/#breadcrumb\"},\"inLanguage\":\"fr-FR\",\"potentialAction\":[{\"@type\":\"ReadAction\",\"target\":[\"https:\\\/\\\/xn--amlpitjcy-h4a.fr\\\/index.php\\\/formation\\\/\"]}]},{\"@type\":\"ImageObject\",\"inLanguage\":\"fr-FR\",\"@id\":\"https:\\\/\\\/xn--amlpitjcy-h4a.fr\\\/index.php\\\/formation\\\/#primaryimage\",\"url\":\"https:\\\/\\\/xn--amlpitjcy-h4a.fr\\\/wp-content\\\/uploads\\\/2024\\\/05\\\/pexels-lum3n-44775-167682.webp\",\"contentUrl\":\"https:\\\/\\\/xn--amlpitjcy-h4a.fr\\\/wp-content\\\/uploads\\\/2024\\\/05\\\/pexels-lum3n-44775-167682.webp\",\"width\":640,\"height\":427},{\"@type\":\"BreadcrumbList\",\"@id\":\"https:\\\/\\\/xn--amlpitjcy-h4a.fr\\\/index.php\\\/formation\\\/#breadcrumb\",\"itemListElement\":[{\"@type\":\"ListItem\",\"position\":1,\"name\":\"Accueil\",\"item\":\"https:\\\/\\\/xn--amlpitjcy-h4a.fr\\\/\"},{\"@type\":\"ListItem\",\"position\":2,\"name\":\"Formation en cybermalveillance\"}]},{\"@type\":\"WebSite\",\"@id\":\"https:\\\/\\\/xn--amlpitjcy-h4a.fr\\\/#website\",\"url\":\"https:\\\/\\\/xn--amlpitjcy-h4a.fr\\\/\",\"name\":\"Amlpitj\u00e9cy\",\"description\":\"L&#039;intelligence, c&#039;est de pr\u00e9voir celle de l&#039;autre.\",\"publisher\":{\"@id\":\"https:\\\/\\\/xn--amlpitjcy-h4a.fr\\\/#organization\"},\"potentialAction\":[{\"@type\":\"SearchAction\",\"target\":{\"@type\":\"EntryPoint\",\"urlTemplate\":\"https:\\\/\\\/xn--amlpitjcy-h4a.fr\\\/?s={search_term_string}\"},\"query-input\":{\"@type\":\"PropertyValueSpecification\",\"valueRequired\":true,\"valueName\":\"search_term_string\"}}],\"inLanguage\":\"fr-FR\"},{\"@type\":\"Organization\",\"@id\":\"https:\\\/\\\/xn--amlpitjcy-h4a.fr\\\/#organization\",\"name\":\"Amlpitj\u00e9cy\",\"url\":\"https:\\\/\\\/xn--amlpitjcy-h4a.fr\\\/\",\"logo\":{\"@type\":\"ImageObject\",\"inLanguage\":\"fr-FR\",\"@id\":\"https:\\\/\\\/xn--amlpitjcy-h4a.fr\\\/#\\\/schema\\\/logo\\\/image\\\/\",\"url\":\"https:\\\/\\\/xn--amlpitjcy-h4a.fr\\\/wp-content\\\/uploads\\\/2024\\\/05\\\/Logo-with-color-background.webp\",\"contentUrl\":\"https:\\\/\\\/xn--amlpitjcy-h4a.fr\\\/wp-content\\\/uploads\\\/2024\\\/05\\\/Logo-with-color-background.webp\",\"width\":1320,\"height\":1000,\"caption\":\"Amlpitj\u00e9cy\"},\"image\":{\"@id\":\"https:\\\/\\\/xn--amlpitjcy-h4a.fr\\\/#\\\/schema\\\/logo\\\/image\\\/\"}}]}<\/script>\n<!-- \/ Yoast SEO plugin. -->","yoast_head_json":{"title":"Formation en cybermalveillance - Amlpitj\u00e9cy","description":"La formation en cybermalveillance est le futur enjeu de votre entreprise. Formez-vous d\u00e8s \u00e0 pr\u00e9sent aux bonnes pratiques avec Amlpitj\u00e9cy.","robots":{"index":"index","follow":"follow","max-snippet":"max-snippet:-1","max-image-preview":"max-image-preview:large","max-video-preview":"max-video-preview:-1"},"canonical":"https:\/\/xn--amlpitjcy-h4a.fr\/index.php\/formation\/","og_locale":"fr_FR","og_type":"article","og_title":"Formation en cybermalveillance - Amlpitj\u00e9cy","og_description":"La formation en cybermalveillance est le futur enjeu de votre entreprise. Formez-vous d\u00e8s \u00e0 pr\u00e9sent aux bonnes pratiques avec Amlpitj\u00e9cy.","og_url":"https:\/\/xn--amlpitjcy-h4a.fr\/index.php\/formation\/","og_site_name":"Amlpitj\u00e9cy","article_modified_time":"2024-08-07T06:11:49+00:00","og_image":[{"url":"https:\/\/xn--amlpitjcy-h4a.fr\/wp-content\/uploads\/2024\/05\/pexels-lum3n-44775-167682.webp","type":"","width":"","height":""}],"twitter_card":"summary_large_image","twitter_misc":{"Dur\u00e9e de lecture estim\u00e9e":"3 minutes"},"schema":{"@context":"https:\/\/schema.org","@graph":[{"@type":"WebPage","@id":"https:\/\/xn--amlpitjcy-h4a.fr\/index.php\/formation\/","url":"https:\/\/xn--amlpitjcy-h4a.fr\/index.php\/formation\/","name":"Formation en cybermalveillance - Amlpitj\u00e9cy","isPartOf":{"@id":"https:\/\/xn--amlpitjcy-h4a.fr\/#website"},"primaryImageOfPage":{"@id":"https:\/\/xn--amlpitjcy-h4a.fr\/index.php\/formation\/#primaryimage"},"image":{"@id":"https:\/\/xn--amlpitjcy-h4a.fr\/index.php\/formation\/#primaryimage"},"thumbnailUrl":"https:\/\/xn--amlpitjcy-h4a.fr\/wp-content\/uploads\/2024\/05\/pexels-lum3n-44775-167682.webp","datePublished":"2024-05-29T09:35:09+00:00","dateModified":"2024-08-07T06:11:49+00:00","description":"La formation en cybermalveillance est le futur enjeu de votre entreprise. Formez-vous d\u00e8s \u00e0 pr\u00e9sent aux bonnes pratiques avec Amlpitj\u00e9cy.","breadcrumb":{"@id":"https:\/\/xn--amlpitjcy-h4a.fr\/index.php\/formation\/#breadcrumb"},"inLanguage":"fr-FR","potentialAction":[{"@type":"ReadAction","target":["https:\/\/xn--amlpitjcy-h4a.fr\/index.php\/formation\/"]}]},{"@type":"ImageObject","inLanguage":"fr-FR","@id":"https:\/\/xn--amlpitjcy-h4a.fr\/index.php\/formation\/#primaryimage","url":"https:\/\/xn--amlpitjcy-h4a.fr\/wp-content\/uploads\/2024\/05\/pexels-lum3n-44775-167682.webp","contentUrl":"https:\/\/xn--amlpitjcy-h4a.fr\/wp-content\/uploads\/2024\/05\/pexels-lum3n-44775-167682.webp","width":640,"height":427},{"@type":"BreadcrumbList","@id":"https:\/\/xn--amlpitjcy-h4a.fr\/index.php\/formation\/#breadcrumb","itemListElement":[{"@type":"ListItem","position":1,"name":"Accueil","item":"https:\/\/xn--amlpitjcy-h4a.fr\/"},{"@type":"ListItem","position":2,"name":"Formation en cybermalveillance"}]},{"@type":"WebSite","@id":"https:\/\/xn--amlpitjcy-h4a.fr\/#website","url":"https:\/\/xn--amlpitjcy-h4a.fr\/","name":"Amlpitj\u00e9cy","description":"L&#039;intelligence, c&#039;est de pr\u00e9voir celle de l&#039;autre.","publisher":{"@id":"https:\/\/xn--amlpitjcy-h4a.fr\/#organization"},"potentialAction":[{"@type":"SearchAction","target":{"@type":"EntryPoint","urlTemplate":"https:\/\/xn--amlpitjcy-h4a.fr\/?s={search_term_string}"},"query-input":{"@type":"PropertyValueSpecification","valueRequired":true,"valueName":"search_term_string"}}],"inLanguage":"fr-FR"},{"@type":"Organization","@id":"https:\/\/xn--amlpitjcy-h4a.fr\/#organization","name":"Amlpitj\u00e9cy","url":"https:\/\/xn--amlpitjcy-h4a.fr\/","logo":{"@type":"ImageObject","inLanguage":"fr-FR","@id":"https:\/\/xn--amlpitjcy-h4a.fr\/#\/schema\/logo\/image\/","url":"https:\/\/xn--amlpitjcy-h4a.fr\/wp-content\/uploads\/2024\/05\/Logo-with-color-background.webp","contentUrl":"https:\/\/xn--amlpitjcy-h4a.fr\/wp-content\/uploads\/2024\/05\/Logo-with-color-background.webp","width":1320,"height":1000,"caption":"Amlpitj\u00e9cy"},"image":{"@id":"https:\/\/xn--amlpitjcy-h4a.fr\/#\/schema\/logo\/image\/"}}]}},"_links":{"self":[{"href":"https:\/\/xn--amlpitjcy-h4a.fr\/index.php\/wp-json\/wp\/v2\/pages\/6","targetHints":{"allow":["GET"]}}],"collection":[{"href":"https:\/\/xn--amlpitjcy-h4a.fr\/index.php\/wp-json\/wp\/v2\/pages"}],"about":[{"href":"https:\/\/xn--amlpitjcy-h4a.fr\/index.php\/wp-json\/wp\/v2\/types\/page"}],"author":[{"embeddable":true,"href":"https:\/\/xn--amlpitjcy-h4a.fr\/index.php\/wp-json\/wp\/v2\/users\/1"}],"replies":[{"embeddable":true,"href":"https:\/\/xn--amlpitjcy-h4a.fr\/index.php\/wp-json\/wp\/v2\/comments?post=6"}],"version-history":[{"count":9,"href":"https:\/\/xn--amlpitjcy-h4a.fr\/index.php\/wp-json\/wp\/v2\/pages\/6\/revisions"}],"predecessor-version":[{"id":153,"href":"https:\/\/xn--amlpitjcy-h4a.fr\/index.php\/wp-json\/wp\/v2\/pages\/6\/revisions\/153"}],"wp:attachment":[{"href":"https:\/\/xn--amlpitjcy-h4a.fr\/index.php\/wp-json\/wp\/v2\/media?parent=6"}],"curies":[{"name":"wp","href":"https:\/\/api.w.org\/{rel}","templated":true}]}}